{"id":1889,"date":"2022-10-11T11:50:53","date_gmt":"2022-10-11T11:50:53","guid":{"rendered":"https:\/\/assis.one\/?page_id=1889"},"modified":"2022-11-10T07:02:14","modified_gmt":"2022-11-10T07:02:14","slug":"sonido","status":"publish","type":"page","link":"https:\/\/assis.one\/index.php\/sonido\/","title":{"rendered":"Sonido"},"content":{"rendered":"\t\t<div data-elementor-type=\"wp-page\" data-elementor-id=\"1889\" class=\"elementor elementor-1889\">\n\t\t\t\t\t\t<section class=\"elementor-section elementor-top-section elementor-element elementor-element-2cfeb461 elementor-section-boxed elementor-section-height-default elementor-section-height-default\" data-id=\"2cfeb461\" data-element_type=\"section\" data-e-type=\"section\">\n\t\t\t\t\t\t<div class=\"elementor-container elementor-column-gap-default\">\n\t\t\t\t\t<div class=\"elementor-column elementor-col-50 elementor-top-column elementor-element elementor-element-3fb82d40\" data-id=\"3fb82d40\" data-element_type=\"column\" data-e-type=\"column\">\n\t\t\t<div class=\"elementor-widget-wrap elementor-element-populated\">\n\t\t\t\t\t\t<div class=\"elementor-element elementor-element-6b62de39 elementor-widget elementor-widget-text-editor\" data-id=\"6b62de39\" data-element_type=\"widget\" data-e-type=\"widget\" data-widget_type=\"text-editor.default\">\n\t\t\t\t<div class=\"elementor-widget-container\">\n\t\t\t\t\t\t\t\t\t<h3 style=\"text-align: center;\">Sonido<\/h3>\t\t\t\t\t\t\t\t<\/div>\n\t\t\t\t<\/div>\n\t\t\t\t<section class=\"elementor-section elementor-inner-section elementor-element elementor-element-37d5a9c5 elementor-section-boxed elementor-section-height-default elementor-section-height-default\" data-id=\"37d5a9c5\" data-element_type=\"section\" data-e-type=\"section\">\n\t\t\t\t\t\t<div class=\"elementor-container elementor-column-gap-default\">\n\t\t\t\t\t<div class=\"elementor-column elementor-col-50 elementor-inner-column elementor-element elementor-element-47bc4f0f\" data-id=\"47bc4f0f\" data-element_type=\"column\" data-e-type=\"column\">\n\t\t\t<div class=\"elementor-widget-wrap elementor-element-populated\">\n\t\t\t\t\t\t<div class=\"elementor-element elementor-element-5548cbb5 elementor-drop-cap-yes elementor-drop-cap-view-default elementor-widget elementor-widget-text-editor\" data-id=\"5548cbb5\" data-element_type=\"widget\" data-e-type=\"widget\" data-settings=\"{&quot;drop_cap&quot;:&quot;yes&quot;}\" data-widget_type=\"text-editor.default\">\n\t\t\t\t<div class=\"elementor-widget-container\">\n\t\t\t\t\t\t\t\t\t<p>Sonido para eventos en cualquier tipo de recintos y con todos los equipos necesarios, megafon\u00edas, microfon\u00edas, sonido para directos, festivales, ferias.<br \/>Contamos con equipos de sonido de \u00faltima generaci\u00f3n, para producir audio profesional como: micr\u00f3fonos para voz e instrumentos, micr\u00f3fonos inal\u00e1mbricos, altavoces pasivos y auto amplificados, mesas de sonido digitales, grabadores digitales, interfaces de audio.<\/p>\t\t\t\t\t\t\t\t<\/div>\n\t\t\t\t<\/div>\n\t\t\t\t\t<\/div>\n\t\t<\/div>\n\t\t\t\t<div class=\"elementor-column elementor-col-50 elementor-inner-column elementor-element elementor-element-4c93fde4\" data-id=\"4c93fde4\" data-element_type=\"column\" data-e-type=\"column\">\n\t\t\t<div class=\"elementor-widget-wrap elementor-element-populated\">\n\t\t\t\t\t\t<div class=\"elementor-element elementor-element-1a85a62b elementor-drop-cap-yes elementor-drop-cap-view-default elementor-widget elementor-widget-text-editor\" data-id=\"1a85a62b\" data-element_type=\"widget\" data-e-type=\"widget\" data-settings=\"{&quot;drop_cap&quot;:&quot;yes&quot;}\" data-widget_type=\"text-editor.default\">\n\t\t\t\t<div class=\"elementor-widget-container\">\n\t\t\t\t\t\t\t\t\t<p>Damos servicio de sonorizaci\u00f3n de eventos de cualquier magnitud, desde una peque\u00f1a reuni\u00f3n de trabajo, hasta un concierto de m\u00fasica en directo, con todos los equipos necesarios seg\u00fan las necesidades de cada evento.<br \/>Contamos con un equipo t\u00e9cnico, formado en las \u00faltimas tecnolog\u00edas de audio, montadores, t\u00e9cnicos de sonido, sonidistas para garantizar el \u00e9xito de vuestros eventos.<\/p>\t\t\t\t\t\t\t\t<\/div>\n\t\t\t\t<\/div>\n\t\t\t\t\t<\/div>\n\t\t<\/div>\n\t\t\t\t\t<\/div>\n\t\t<\/section>\n\t\t\t\t\t<\/div>\n\t\t<\/div>\n\t\t\t\t<div class=\"elementor-column elementor-col-50 elementor-top-column elementor-element elementor-element-4f05446e\" data-id=\"4f05446e\" data-element_type=\"column\" data-e-type=\"column\">\n\t\t\t<div class=\"elementor-widget-wrap elementor-element-populated\">\n\t\t\t\t\t\t<div class=\"elementor-element elementor-element-1cb13405 elementor-widget elementor-widget-image\" data-id=\"1cb13405\" data-element_type=\"widget\" data-e-type=\"widget\" data-widget_type=\"image.default\">\n\t\t\t\t<div class=\"elementor-widget-container\">\n\t\t\t\t\t\t\t\t\t\t\t\t\t\t\t<img fetchpriority=\"high\" decoding=\"async\" width=\"600\" height=\"460\" src=\"https:\/\/assis.one\/wp-content\/uploads\/2022\/07\/sonido.jpg\" class=\"attachment-large size-large wp-image-1591\" alt=\"\" srcset=\"https:\/\/assis.one\/wp-content\/uploads\/2022\/07\/sonido.jpg 600w, https:\/\/assis.one\/wp-content\/uploads\/2022\/07\/sonido-300x230.jpg 300w\" sizes=\"(max-width: 600px) 100vw, 600px\" \/>\t\t\t\t\t\t\t\t\t\t\t\t\t\t\t<\/div>\n\t\t\t\t<\/div>\n\t\t\t\t\t<\/div>\n\t\t<\/div>\n\t\t\t\t\t<\/div>\n\t\t<\/section>\n\t\t\t\t<section class=\"elementor-section elementor-top-section elementor-element elementor-element-588e426f elementor-section-boxed elementor-section-height-default elementor-section-height-default\" data-id=\"588e426f\" data-element_type=\"section\" data-e-type=\"section\">\n\t\t\t\t\t\t<div class=\"elementor-container elementor-column-gap-default\">\n\t\t\t\t\t<div class=\"elementor-column elementor-col-100 elementor-top-column elementor-element elementor-element-3d8e5ad4\" data-id=\"3d8e5ad4\" data-element_type=\"column\" data-e-type=\"column\">\n\t\t\t<div class=\"elementor-widget-wrap elementor-element-populated\">\n\t\t\t\t\t\t<section class=\"elementor-section elementor-inner-section elementor-element elementor-element-4c803e74 elementor-section-boxed elementor-section-height-default elementor-section-height-default\" data-id=\"4c803e74\" data-element_type=\"section\" data-e-type=\"section\">\n\t\t\t\t\t\t<div class=\"elementor-container elementor-column-gap-default\">\n\t\t\t\t\t<div class=\"elementor-column elementor-col-16 elementor-inner-column elementor-element elementor-element-2480d5e5\" data-id=\"2480d5e5\" data-element_type=\"column\" data-e-type=\"column\">\n\t\t\t<div class=\"elementor-widget-wrap elementor-element-populated\">\n\t\t\t\t\t\t<div class=\"elementor-element elementor-element-7c4b62e8 elementor-button-info elementor-align-center elementor-invisible elementor-widget elementor-widget-button\" data-id=\"7c4b62e8\" data-element_type=\"widget\" data-e-type=\"widget\" data-settings=\"{&quot;_animation&quot;:&quot;fadeInDown&quot;}\" data-widget_type=\"button.default\">\n\t\t\t\t<div class=\"elementor-widget-container\">\n\t\t\t\t\t\t\t\t\t<div class=\"elementor-button-wrapper\">\n\t\t\t\t\t<a class=\"elementor-button elementor-button-link elementor-size-xs\" href=\"https:\/\/assis.one\/index.php\/traduccion-simultanea\/\">\n\t\t\t\t\t\t<span class=\"elementor-button-content-wrapper\">\n\t\t\t\t\t\t<span class=\"elementor-button-icon\">\n\t\t\t\t<i aria-hidden=\"true\" class=\"fas fa-assistive-listening-systems\"><\/i>\t\t\t<\/span>\n\t\t\t\t\t\t\t\t\t<span class=\"elementor-button-text\">Traducci\u00f3n Simultanea<\/span>\n\t\t\t\t\t<\/span>\n\t\t\t\t\t<\/a>\n\t\t\t\t<\/div>\n\t\t\t\t\t\t\t\t<\/div>\n\t\t\t\t<\/div>\n\t\t\t\t\t<\/div>\n\t\t<\/div>\n\t\t\t\t<div class=\"elementor-column elementor-col-16 elementor-inner-column elementor-element elementor-element-7c7759c3\" data-id=\"7c7759c3\" data-element_type=\"column\" data-e-type=\"column\">\n\t\t\t<div class=\"elementor-widget-wrap elementor-element-populated\">\n\t\t\t\t\t\t<div class=\"elementor-element elementor-element-2b708325 elementor-button-info elementor-align-center elementor-invisible elementor-widget elementor-widget-button\" data-id=\"2b708325\" data-element_type=\"widget\" data-e-type=\"widget\" data-settings=\"{&quot;_animation&quot;:&quot;fadeInDown&quot;,&quot;_animation_delay&quot;:100}\" data-widget_type=\"button.default\">\n\t\t\t\t<div class=\"elementor-widget-container\">\n\t\t\t\t\t\t\t\t\t<div class=\"elementor-button-wrapper\">\n\t\t\t\t\t<a class=\"elementor-button elementor-button-link elementor-size-xs\" href=\"https:\/\/assis.one\/index.php\/pantallas-led\/\">\n\t\t\t\t\t\t<span class=\"elementor-button-content-wrapper\">\n\t\t\t\t\t\t<span class=\"elementor-button-icon\">\n\t\t\t\t<i aria-hidden=\"true\" class=\"fas fa-tv\"><\/i>\t\t\t<\/span>\n\t\t\t\t\t\t\t\t\t<span class=\"elementor-button-text\">Pantallas LED<\/span>\n\t\t\t\t\t<\/span>\n\t\t\t\t\t<\/a>\n\t\t\t\t<\/div>\n\t\t\t\t\t\t\t\t<\/div>\n\t\t\t\t<\/div>\n\t\t\t\t\t<\/div>\n\t\t<\/div>\n\t\t\t\t<div class=\"elementor-column elementor-col-16 elementor-inner-column elementor-element elementor-element-1c9a9d54\" data-id=\"1c9a9d54\" data-element_type=\"column\" data-e-type=\"column\">\n\t\t\t<div class=\"elementor-widget-wrap elementor-element-populated\">\n\t\t\t\t\t\t<div class=\"elementor-element elementor-element-1da014f3 elementor-button-info elementor-align-center elementor-invisible elementor-widget elementor-widget-button\" data-id=\"1da014f3\" data-element_type=\"widget\" data-e-type=\"widget\" data-settings=\"{&quot;_animation&quot;:&quot;fadeInDown&quot;,&quot;_animation_delay&quot;:200}\" data-widget_type=\"button.default\">\n\t\t\t\t<div class=\"elementor-widget-container\">\n\t\t\t\t\t\t\t\t\t<div class=\"elementor-button-wrapper\">\n\t\t\t\t\t<a class=\"elementor-button elementor-button-link elementor-size-xs\" href=\"https:\/\/assis.one\/index.php\/eventos-hibridos\/\">\n\t\t\t\t\t\t<span class=\"elementor-button-content-wrapper\">\n\t\t\t\t\t\t<span class=\"elementor-button-icon\">\n\t\t\t\t<i aria-hidden=\"true\" class=\"fas fa-users\"><\/i>\t\t\t<\/span>\n\t\t\t\t\t\t\t\t\t<span class=\"elementor-button-text\">Eventos Hibridos<\/span>\n\t\t\t\t\t<\/span>\n\t\t\t\t\t<\/a>\n\t\t\t\t<\/div>\n\t\t\t\t\t\t\t\t<\/div>\n\t\t\t\t<\/div>\n\t\t\t\t\t<\/div>\n\t\t<\/div>\n\t\t\t\t<div class=\"elementor-column elementor-col-16 elementor-inner-column elementor-element elementor-element-70707a31\" data-id=\"70707a31\" data-element_type=\"column\" data-e-type=\"column\">\n\t\t\t<div class=\"elementor-widget-wrap elementor-element-populated\">\n\t\t\t\t\t\t<div class=\"elementor-element elementor-element-44a62331 elementor-button-info elementor-align-center elementor-invisible elementor-widget elementor-widget-button\" data-id=\"44a62331\" data-element_type=\"widget\" data-e-type=\"widget\" data-settings=\"{&quot;_animation&quot;:&quot;fadeInDown&quot;,&quot;_animation_delay&quot;:300}\" data-widget_type=\"button.default\">\n\t\t\t\t<div class=\"elementor-widget-container\">\n\t\t\t\t\t\t\t\t\t<div class=\"elementor-button-wrapper\">\n\t\t\t\t\t<a class=\"elementor-button elementor-button-link elementor-size-xs\" href=\"https:\/\/assis.one\/index.php\/megafonia-silenciosa\/\">\n\t\t\t\t\t\t<span class=\"elementor-button-content-wrapper\">\n\t\t\t\t\t\t<span class=\"elementor-button-icon\">\n\t\t\t\t<i aria-hidden=\"true\" class=\"fas fa-headphones-alt\"><\/i>\t\t\t<\/span>\n\t\t\t\t\t\t\t\t\t<span class=\"elementor-button-text\">Megafon\u00eda Silenciosa<\/span>\n\t\t\t\t\t<\/span>\n\t\t\t\t\t<\/a>\n\t\t\t\t<\/div>\n\t\t\t\t\t\t\t\t<\/div>\n\t\t\t\t<\/div>\n\t\t\t\t\t<\/div>\n\t\t<\/div>\n\t\t\t\t<div class=\"elementor-column elementor-col-16 elementor-inner-column elementor-element elementor-element-106f8bb9\" data-id=\"106f8bb9\" data-element_type=\"column\" data-e-type=\"column\">\n\t\t\t<div class=\"elementor-widget-wrap elementor-element-populated\">\n\t\t\t\t\t\t<div class=\"elementor-element elementor-element-34b58a6 elementor-button-info elementor-align-center elementor-invisible elementor-widget elementor-widget-button\" data-id=\"34b58a6\" data-element_type=\"widget\" data-e-type=\"widget\" data-settings=\"{&quot;_animation&quot;:&quot;fadeInDown&quot;,&quot;_animation_delay&quot;:400}\" data-widget_type=\"button.default\">\n\t\t\t\t<div class=\"elementor-widget-container\">\n\t\t\t\t\t\t\t\t\t<div class=\"elementor-button-wrapper\">\n\t\t\t\t\t<a class=\"elementor-button elementor-button-link elementor-size-xs\" href=\"https:\/\/assis.one\/index.php\/video\/\">\n\t\t\t\t\t\t<span class=\"elementor-button-content-wrapper\">\n\t\t\t\t\t\t<span class=\"elementor-button-icon\">\n\t\t\t\t<i aria-hidden=\"true\" class=\"fas fa-video\"><\/i>\t\t\t<\/span>\n\t\t\t\t\t\t\t\t\t<span class=\"elementor-button-text\">Video<\/span>\n\t\t\t\t\t<\/span>\n\t\t\t\t\t<\/a>\n\t\t\t\t<\/div>\n\t\t\t\t\t\t\t\t<\/div>\n\t\t\t\t<\/div>\n\t\t\t\t\t<\/div>\n\t\t<\/div>\n\t\t\t\t<div class=\"elementor-column elementor-col-16 elementor-inner-column elementor-element elementor-element-f14b868\" data-id=\"f14b868\" data-element_type=\"column\" data-e-type=\"column\">\n\t\t\t<div class=\"elementor-widget-wrap elementor-element-populated\">\n\t\t\t\t\t\t<div class=\"elementor-element elementor-element-30b5d367 elementor-button-info elementor-align-center elementor-invisible elementor-widget elementor-widget-button\" data-id=\"30b5d367\" data-element_type=\"widget\" data-e-type=\"widget\" data-settings=\"{&quot;_animation&quot;:&quot;fadeInDown&quot;,&quot;_animation_delay&quot;:400}\" data-widget_type=\"button.default\">\n\t\t\t\t<div class=\"elementor-widget-container\">\n\t\t\t\t\t\t\t\t\t<div class=\"elementor-button-wrapper\">\n\t\t\t\t\t<a class=\"elementor-button elementor-button-link elementor-size-xs\" href=\"https:\/\/assis.one\/index.php\/iluminacion\/\">\n\t\t\t\t\t\t<span class=\"elementor-button-content-wrapper\">\n\t\t\t\t\t\t<span class=\"elementor-button-icon\">\n\t\t\t\t<i aria-hidden=\"true\" class=\"fas fa-lightbulb\"><\/i>\t\t\t<\/span>\n\t\t\t\t\t\t\t\t\t<span class=\"elementor-button-text\">Iluminaci\u00f3n<\/span>\n\t\t\t\t\t<\/span>\n\t\t\t\t\t<\/a>\n\t\t\t\t<\/div>\n\t\t\t\t\t\t\t\t<\/div>\n\t\t\t\t<\/div>\n\t\t\t\t\t<\/div>\n\t\t<\/div>\n\t\t\t\t\t<\/div>\n\t\t<\/section>\n\t\t\t\t\t<\/div>\n\t\t<\/div>\n\t\t\t\t\t<\/div>\n\t\t<\/section>\n\t\t\t\t<\/div>\n\t\t","protected":false},"excerpt":{"rendered":"<p>Sonido Sonido para eventos en cualquier tipo de recintos y con todos los equipos necesarios, megafon\u00edas, microfon\u00edas, sonido para directos, festivales, ferias.Contamos con equipos de sonido de \u00faltima generaci\u00f3n, para producir audio profesional como: micr\u00f3fonos para voz e instrumentos, micr\u00f3fonos inal\u00e1mbricos, altavoces pasivos y auto amplificados, mesas de sonido digitales, grabadores digitales, interfaces de audio&#8230;.<\/p>\n","protected":false},"author":1,"featured_media":0,"parent":0,"menu_order":0,"comment_status":"closed","ping_status":"closed","template":"","meta":{"_kadence_starter_templates_imported_post":false,"_kad_post_transparent":"","_kad_post_title":"hide","_kad_post_layout":"fullwidth","_kad_post_sidebar_id":"","_kad_post_content_style":"unboxed","_kad_post_vertical_padding":"hide","_kad_post_feature":"hide","_kad_post_feature_position":"","_kad_post_header":false,"_kad_post_footer":false,"_kad_post_classname":"","footnotes":""},"class_list":["post-1889","page","type-page","status-publish","hentry"],"yoast_head":"<!-- This site is optimized with the Yoast SEO plugin v27.0 - https:\/\/yoast.com\/product\/yoast-seo-wordpress\/ -->\n<title>Sonido - Audiovisuales Assis<\/title>\n<meta name=\"robots\" content=\"index, follow, max-snippet:-1, max-image-preview:large, max-video-preview:-1\" \/>\n<link rel=\"canonical\" href=\"https:\/\/assis.one\/index.php\/sonido\/\" \/>\n<meta property=\"og:locale\" content=\"es_ES\" \/>\n<meta property=\"og:type\" content=\"article\" \/>\n<meta property=\"og:title\" content=\"Sonido - Audiovisuales Assis\" \/>\n<meta property=\"og:description\" content=\"Sonido Sonido para eventos en cualquier tipo de recintos y con todos los equipos necesarios, megafon\u00edas, microfon\u00edas, sonido para directos, festivales, ferias.Contamos con equipos de sonido de \u00faltima generaci\u00f3n, para producir audio profesional como: micr\u00f3fonos para voz e instrumentos, micr\u00f3fonos inal\u00e1mbricos, altavoces pasivos y auto amplificados, mesas de sonido digitales, grabadores digitales, interfaces de audio....\" \/>\n<meta property=\"og:url\" content=\"https:\/\/assis.one\/index.php\/sonido\/\" \/>\n<meta property=\"og:site_name\" content=\"Audiovisuales Assis\" \/>\n<meta property=\"article:modified_time\" content=\"2022-11-10T07:02:14+00:00\" \/>\n<meta property=\"og:image\" content=\"https:\/\/assis.one\/wp-content\/uploads\/2022\/07\/sonido.jpg\" \/>\n<meta name=\"twitter:card\" content=\"summary_large_image\" \/>\n<meta name=\"twitter:label1\" content=\"Tiempo de lectura\" \/>\n\t<meta name=\"twitter:data1\" content=\"1 minuto\" \/>\n<script type=\"application\/ld+json\" class=\"yoast-schema-graph\">{\"@context\":\"https:\/\/schema.org\",\"@graph\":[{\"@type\":\"WebPage\",\"@id\":\"https:\/\/assis.one\/index.php\/sonido\/\",\"url\":\"https:\/\/assis.one\/index.php\/sonido\/\",\"name\":\"Sonido - Audiovisuales Assis\",\"isPartOf\":{\"@id\":\"https:\/\/assis.one\/#website\"},\"primaryImageOfPage\":{\"@id\":\"https:\/\/assis.one\/index.php\/sonido\/#primaryimage\"},\"image\":{\"@id\":\"https:\/\/assis.one\/index.php\/sonido\/#primaryimage\"},\"thumbnailUrl\":\"https:\/\/assis.one\/wp-content\/uploads\/2022\/07\/sonido.jpg\",\"datePublished\":\"2022-10-11T11:50:53+00:00\",\"dateModified\":\"2022-11-10T07:02:14+00:00\",\"breadcrumb\":{\"@id\":\"https:\/\/assis.one\/index.php\/sonido\/#breadcrumb\"},\"inLanguage\":\"es\",\"potentialAction\":[{\"@type\":\"ReadAction\",\"target\":[\"https:\/\/assis.one\/index.php\/sonido\/\"]}]},{\"@type\":\"ImageObject\",\"inLanguage\":\"es\",\"@id\":\"https:\/\/assis.one\/index.php\/sonido\/#primaryimage\",\"url\":\"https:\/\/assis.one\/wp-content\/uploads\/2022\/07\/sonido.jpg\",\"contentUrl\":\"https:\/\/assis.one\/wp-content\/uploads\/2022\/07\/sonido.jpg\",\"width\":600,\"height\":460},{\"@type\":\"BreadcrumbList\",\"@id\":\"https:\/\/assis.one\/index.php\/sonido\/#breadcrumb\",\"itemListElement\":[{\"@type\":\"ListItem\",\"position\":1,\"name\":\"Portada\",\"item\":\"https:\/\/assis.one\/\"},{\"@type\":\"ListItem\",\"position\":2,\"name\":\"Sonido\"}]},{\"@type\":\"WebSite\",\"@id\":\"https:\/\/assis.one\/#website\",\"url\":\"https:\/\/assis.one\/\",\"name\":\"Audiovisuales Assis\",\"description\":\"Traducci\u00f3n Simultanea y Pantallas LED\",\"publisher\":{\"@id\":\"https:\/\/assis.one\/#organization\"},\"potentialAction\":[{\"@type\":\"SearchAction\",\"target\":{\"@type\":\"EntryPoint\",\"urlTemplate\":\"https:\/\/assis.one\/?s={search_term_string}\"},\"query-input\":{\"@type\":\"PropertyValueSpecification\",\"valueRequired\":true,\"valueName\":\"search_term_string\"}}],\"inLanguage\":\"es\"},{\"@type\":\"Organization\",\"@id\":\"https:\/\/assis.one\/#organization\",\"name\":\"Audiovisuales Assis\",\"url\":\"https:\/\/assis.one\/\",\"logo\":{\"@type\":\"ImageObject\",\"inLanguage\":\"es\",\"@id\":\"https:\/\/assis.one\/#\/schema\/logo\/image\/\",\"url\":\"https:\/\/assis.one\/wp-content\/uploads\/2022\/11\/cropped-logoassisweb-1.png\",\"contentUrl\":\"https:\/\/assis.one\/wp-content\/uploads\/2022\/11\/cropped-logoassisweb-1.png\",\"width\":1145,\"height\":237,\"caption\":\"Audiovisuales Assis\"},\"image\":{\"@id\":\"https:\/\/assis.one\/#\/schema\/logo\/image\/\"}}]}<\/script>\n<!-- \/ Yoast SEO plugin. -->","yoast_head_json":{"title":"Sonido - Audiovisuales Assis","robots":{"index":"index","follow":"follow","max-snippet":"max-snippet:-1","max-image-preview":"max-image-preview:large","max-video-preview":"max-video-preview:-1"},"canonical":"https:\/\/assis.one\/index.php\/sonido\/","og_locale":"es_ES","og_type":"article","og_title":"Sonido - Audiovisuales Assis","og_description":"Sonido Sonido para eventos en cualquier tipo de recintos y con todos los equipos necesarios, megafon\u00edas, microfon\u00edas, sonido para directos, festivales, ferias.Contamos con equipos de sonido de \u00faltima generaci\u00f3n, para producir audio profesional como: micr\u00f3fonos para voz e instrumentos, micr\u00f3fonos inal\u00e1mbricos, altavoces pasivos y auto amplificados, mesas de sonido digitales, grabadores digitales, interfaces de audio....","og_url":"https:\/\/assis.one\/index.php\/sonido\/","og_site_name":"Audiovisuales Assis","article_modified_time":"2022-11-10T07:02:14+00:00","og_image":[{"url":"https:\/\/assis.one\/wp-content\/uploads\/2022\/07\/sonido.jpg","type":"","width":"","height":""}],"twitter_card":"summary_large_image","twitter_misc":{"Tiempo de lectura":"1 minuto"},"schema":{"@context":"https:\/\/schema.org","@graph":[{"@type":"WebPage","@id":"https:\/\/assis.one\/index.php\/sonido\/","url":"https:\/\/assis.one\/index.php\/sonido\/","name":"Sonido - Audiovisuales Assis","isPartOf":{"@id":"https:\/\/assis.one\/#website"},"primaryImageOfPage":{"@id":"https:\/\/assis.one\/index.php\/sonido\/#primaryimage"},"image":{"@id":"https:\/\/assis.one\/index.php\/sonido\/#primaryimage"},"thumbnailUrl":"https:\/\/assis.one\/wp-content\/uploads\/2022\/07\/sonido.jpg","datePublished":"2022-10-11T11:50:53+00:00","dateModified":"2022-11-10T07:02:14+00:00","breadcrumb":{"@id":"https:\/\/assis.one\/index.php\/sonido\/#breadcrumb"},"inLanguage":"es","potentialAction":[{"@type":"ReadAction","target":["https:\/\/assis.one\/index.php\/sonido\/"]}]},{"@type":"ImageObject","inLanguage":"es","@id":"https:\/\/assis.one\/index.php\/sonido\/#primaryimage","url":"https:\/\/assis.one\/wp-content\/uploads\/2022\/07\/sonido.jpg","contentUrl":"https:\/\/assis.one\/wp-content\/uploads\/2022\/07\/sonido.jpg","width":600,"height":460},{"@type":"BreadcrumbList","@id":"https:\/\/assis.one\/index.php\/sonido\/#breadcrumb","itemListElement":[{"@type":"ListItem","position":1,"name":"Portada","item":"https:\/\/assis.one\/"},{"@type":"ListItem","position":2,"name":"Sonido"}]},{"@type":"WebSite","@id":"https:\/\/assis.one\/#website","url":"https:\/\/assis.one\/","name":"Audiovisuales Assis","description":"Traducci\u00f3n Simultanea y Pantallas LED","publisher":{"@id":"https:\/\/assis.one\/#organization"},"potentialAction":[{"@type":"SearchAction","target":{"@type":"EntryPoint","urlTemplate":"https:\/\/assis.one\/?s={search_term_string}"},"query-input":{"@type":"PropertyValueSpecification","valueRequired":true,"valueName":"search_term_string"}}],"inLanguage":"es"},{"@type":"Organization","@id":"https:\/\/assis.one\/#organization","name":"Audiovisuales Assis","url":"https:\/\/assis.one\/","logo":{"@type":"ImageObject","inLanguage":"es","@id":"https:\/\/assis.one\/#\/schema\/logo\/image\/","url":"https:\/\/assis.one\/wp-content\/uploads\/2022\/11\/cropped-logoassisweb-1.png","contentUrl":"https:\/\/assis.one\/wp-content\/uploads\/2022\/11\/cropped-logoassisweb-1.png","width":1145,"height":237,"caption":"Audiovisuales Assis"},"image":{"@id":"https:\/\/assis.one\/#\/schema\/logo\/image\/"}}]}},"_links":{"self":[{"href":"https:\/\/assis.one\/index.php\/wp-json\/wp\/v2\/pages\/1889","targetHints":{"allow":["GET"]}}],"collection":[{"href":"https:\/\/assis.one\/index.php\/wp-json\/wp\/v2\/pages"}],"about":[{"href":"https:\/\/assis.one\/index.php\/wp-json\/wp\/v2\/types\/page"}],"author":[{"embeddable":true,"href":"https:\/\/assis.one\/index.php\/wp-json\/wp\/v2\/users\/1"}],"replies":[{"embeddable":true,"href":"https:\/\/assis.one\/index.php\/wp-json\/wp\/v2\/comments?post=1889"}],"version-history":[{"count":32,"href":"https:\/\/assis.one\/index.php\/wp-json\/wp\/v2\/pages\/1889\/revisions"}],"predecessor-version":[{"id":2223,"href":"https:\/\/assis.one\/index.php\/wp-json\/wp\/v2\/pages\/1889\/revisions\/2223"}],"wp:attachment":[{"href":"https:\/\/assis.one\/index.php\/wp-json\/wp\/v2\/media?parent=1889"}],"curies":[{"name":"wp","href":"https:\/\/api.w.org\/{rel}","templated":true}]}}